{"id":7,"date":"2022-03-16T02:00:42","date_gmt":"2022-03-16T02:00:42","guid":{"rendered":"http:\/\/localhost\/proweaver-files\/farmacialasez057\/?page_id=7"},"modified":"2024-09-30T06:12:56","modified_gmt":"2024-09-30T06:12:56","slug":"pharmacy-in-west-palm-beach-florida","status":"publish","type":"page","link":"https:\/\/www.farmacialasamericasllc.com\/es\/pharmacy-in-west-palm-beach-florida","title":{"rendered":"Sobre nosotros"},"content":{"rendered":"<div class=\"intro_txt\">\u00a1Servicios de farmacia que se adaptan a sus necesidades!<\/div>\n<p>Creemos que los servicios de farmacia son fundamentales para mejorar los resultados y que la pr\u00e1ctica farmac\u00e9utica tiene el potencial de transformar el futuro de la atenci\u00f3n m\u00e9dica enFarmacia Las Am\u00e9ricas. Contribuimos con nuestro conocimiento para ayudar a las farmacias a desempe\u00f1arse mejor y brindar mejores resultados a los pacientes. Estamos comprometidos a ofrecer servicios que se adapten a los requisitos espec\u00edficos de nuestros clientes. Puede preguntar a nuestros farmac\u00e9uticos sobre medicamentos recetados o tratamientos de venta libre.<\/p>\n<div class=\"nh_owner\">\n<figure class=\"thumb_center_dr\"><img src=\"https:\/\/www.farmacialasamericasllc.com\/wp-content\/themes\/farmacialasez057\/images\/thumbnails\/dummy-photo.png\" class=\"thumb_center_dr\" alt=\"dummy\"><\/figure>\n<h2 class=\"nh_heading1 nh_pad\">Sobre el propietario<\/h2>\n<p>Mi nombre es Ana Jim\u00e9nez, Pharm D. Due\u00f1a y Farmac\u00e9utica deFarmacia Las Am\u00e9ricas. Me gustar\u00eda presentarme a todos nuestros nuevos pacientes y brindarles un poco de informaci\u00f3n sobre m\u00ed y nuestro personal.<\/p>\n<\/div>\n<h2 class=\"nh_heading1\" id=\"mission\">Nuestra misi\u00f3n<\/h2>\n<p>Nuestra misi\u00f3n es ayudar a las personas a involucrarse m\u00e1s en sus comunidades fomentando el conocimiento y brindando servicios farmac\u00e9uticos confiables.<\/p>\n<p>No dude en <a href=\"pharmacy-contact-us\">enviarnos un mensaje<\/a> para saber m\u00e1s sobre nuestra farmacia y los servicios que brindamos.<\/p>\n","protected":false},"excerpt":{"rendered":"<p>\u00a1Servicios de farmacia que se adaptan a sus necesidades! Creemos que los servicios de farmacia son fundamentales para mejorar los resultados y que la pr\u00e1ctica farmac\u00e9utica tiene el potencial de transformar el futuro de la atenci\u00f3n m\u00e9dica enFarmacia Las Am\u00e9ricas. Contribuimos con nuestro conocimiento para ayudar a las farmacias a desempe\u00f1arse mejor y brindar mejores &hellip; <a href=\"https:\/\/www.farmacialasamericasllc.com\/es\/pharmacy-in-west-palm-beach-florida\">Continue reading <span class=\"meta-nav\">&rarr;<\/span><\/a><\/p>\n","protected":false},"author":1,"featured_media":154,"parent":0,"menu_order":0,"comment_status":"closed","ping_status":"closed","template":"","meta":[],"yoast_head":"<!-- This site is optimized with the Yoast SEO plugin v15.9 - https:\/\/yoast.com\/wordpress\/plugins\/seo\/ -->\n<title>Pharmacy | West Palm Beach, FL | Farmacia Las Americas<\/title>\n<meta name=\"description\" content=\"As a pharmacy in West Palm Beach, Florida, we are committed to offering services that are tailored to our customers\u2019 specific requirements.\" \/>\n<meta name=\"robots\" content=\"index, follow, max-snippet:-1, max-image-preview:large, max-video-preview:-1\" \/>\n<link rel=\"canonical\" href=\"https:\/\/www.farmacialasamericasllc.com\/pharmacy-in-west-palm-beach-florida\" \/>\n<meta property=\"og:locale\" content=\"es_ES\" \/>\n<meta property=\"og:type\" content=\"article\" \/>\n<meta property=\"og:title\" content=\"Pharmacy | West Palm Beach, FL | Farmacia Las Americas\" \/>\n<meta property=\"og:description\" content=\"As a pharmacy in West Palm Beach, Florida, we are committed to offering services that are tailored to our customers\u2019 specific requirements.\" \/>\n<meta property=\"og:url\" content=\"https:\/\/www.farmacialasamericasllc.com\/pharmacy-in-west-palm-beach-florida\" \/>\n<meta property=\"og:site_name\" content=\"Farmacia Las Americas\" \/>\n<meta property=\"article:modified_time\" content=\"2024-09-30T06:12:56+00:00\" \/>\n<meta property=\"og:image\" content=\"https:\/\/www.farmacialasamericasllc.com\/wp-content\/uploads\/2022\/03\/nonhome-21873281.jpg\" \/>\n\t<meta property=\"og:image:width\" content=\"1920\" \/>\n\t<meta property=\"og:image:height\" content=\"500\" \/>\n<meta name=\"twitter:card\" content=\"summary_large_image\" \/>\n<meta name=\"twitter:label1\" content=\"Est. reading time\">\n\t<meta name=\"twitter:data1\" content=\"2 minutes\">\n<script type=\"application\/ld+json\" class=\"yoast-schema-graph\">{\"@context\":\"https:\/\/schema.org\",\"@graph\":[{\"@type\":\"WebSite\",\"@id\":\"https:\/\/www.farmacialasamericasllc.com\/#website\",\"url\":\"https:\/\/www.farmacialasamericasllc.com\/\",\"name\":\"Farmacia Las Americas\",\"description\":\"Just another WordPress site\",\"potentialAction\":[{\"@type\":\"SearchAction\",\"target\":\"https:\/\/www.farmacialasamericasllc.com\/?s={search_term_string}\",\"query-input\":\"required name=search_term_string\"}],\"inLanguage\":\"es-ES\"},{\"@type\":\"ImageObject\",\"@id\":\"https:\/\/www.farmacialasamericasllc.com\/pharmacy-in-west-palm-beach-florida#primaryimage\",\"inLanguage\":\"es-ES\",\"url\":\"https:\/\/www.farmacialasamericasllc.com\/wp-content\/uploads\/2022\/03\/nonhome-21873281.jpg\",\"width\":1920,\"height\":500,\"caption\":\"pharmacist\"},{\"@type\":\"WebPage\",\"@id\":\"https:\/\/www.farmacialasamericasllc.com\/pharmacy-in-west-palm-beach-florida#webpage\",\"url\":\"https:\/\/www.farmacialasamericasllc.com\/pharmacy-in-west-palm-beach-florida\",\"name\":\"Pharmacy | West Palm Beach, FL | Farmacia Las Americas\",\"isPartOf\":{\"@id\":\"https:\/\/www.farmacialasamericasllc.com\/#website\"},\"primaryImageOfPage\":{\"@id\":\"https:\/\/www.farmacialasamericasllc.com\/pharmacy-in-west-palm-beach-florida#primaryimage\"},\"datePublished\":\"2022-03-16T02:00:42+00:00\",\"dateModified\":\"2024-09-30T06:12:56+00:00\",\"description\":\"As a pharmacy in West Palm Beach, Florida, we are committed to offering services that are tailored to our customers\\u2019 specific requirements.\",\"breadcrumb\":{\"@id\":\"https:\/\/www.farmacialasamericasllc.com\/pharmacy-in-west-palm-beach-florida#breadcrumb\"},\"inLanguage\":\"es-ES\",\"potentialAction\":[{\"@type\":\"ReadAction\",\"target\":[\"https:\/\/www.farmacialasamericasllc.com\/pharmacy-in-west-palm-beach-florida\"]}]},{\"@type\":\"BreadcrumbList\",\"@id\":\"https:\/\/www.farmacialasamericasllc.com\/pharmacy-in-west-palm-beach-florida#breadcrumb\",\"itemListElement\":[{\"@type\":\"ListItem\",\"position\":1,\"item\":{\"@type\":\"WebPage\",\"@id\":\"https:\/\/www.farmacialasamericasllc.com\/\",\"url\":\"https:\/\/www.farmacialasamericasllc.com\/\",\"name\":\"Home\"}},{\"@type\":\"ListItem\",\"position\":2,\"item\":{\"@type\":\"WebPage\",\"@id\":\"https:\/\/www.farmacialasamericasllc.com\/pharmacy-in-west-palm-beach-florida\",\"url\":\"https:\/\/www.farmacialasamericasllc.com\/pharmacy-in-west-palm-beach-florida\",\"name\":\"About Us\"}}]}]}<\/script>\n<!-- \/ Yoast SEO plugin. -->","_links":{"self":[{"href":"https:\/\/www.farmacialasamericasllc.com\/es\/wp-json\/wp\/v2\/pages\/7"}],"collection":[{"href":"https:\/\/www.farmacialasamericasllc.com\/es\/wp-json\/wp\/v2\/pages"}],"about":[{"href":"https:\/\/www.farmacialasamericasllc.com\/es\/wp-json\/wp\/v2\/types\/page"}],"author":[{"embeddable":true,"href":"https:\/\/www.farmacialasamericasllc.com\/es\/wp-json\/wp\/v2\/users\/1"}],"replies":[{"embeddable":true,"href":"https:\/\/www.farmacialasamericasllc.com\/es\/wp-json\/wp\/v2\/comments?post=7"}],"version-history":[{"count":15,"href":"https:\/\/www.farmacialasamericasllc.com\/es\/wp-json\/wp\/v2\/pages\/7\/revisions"}],"predecessor-version":[{"id":1138,"href":"https:\/\/www.farmacialasamericasllc.com\/es\/wp-json\/wp\/v2\/pages\/7\/revisions\/1138"}],"wp:featuredmedia":[{"embeddable":true,"href":"https:\/\/www.farmacialasamericasllc.com\/es\/wp-json\/wp\/v2\/media\/154"}],"wp:attachment":[{"href":"https:\/\/www.farmacialasamericasllc.com\/es\/wp-json\/wp\/v2\/media?parent=7"}],"curies":[{"name":"wp","href":"https:\/\/api.w.org\/{rel}","templated":true}]}}