{"id":41,"date":"2022-03-16T03:04:16","date_gmt":"2022-03-16T03:04:16","guid":{"rendered":"http:\/\/localhost\/proweaver-files\/farmacialasez057\/?page_id=41"},"modified":"2022-12-02T04:03:49","modified_gmt":"2022-12-02T04:03:49","slug":"pharmacy-insurance-accepted","status":"publish","type":"page","link":"https:\/\/www.farmacialasamericasllc.com\/es\/pharmacy-insurance-accepted","title":{"rendered":"Seguro Aceptado"},"content":{"rendered":"<p>En Farmacia Las Am\u00e9ricas queremos que nuestros servicios de farmacia sean m\u00e1s accesibles para quienes los necesitan. Es por eso que aceptamos varios m\u00e9todos de pago y seguros.<\/p>\n<p>\u2013 Aceptamos todos los seguros, incluidos Medicaid, Medicare y m\u00e1s<\/p>\n<p>No dudes en <a href=\"pharmacy-contact-us\">enviarnos un mensaje<\/a> y comprobar si aceptamos tu seguro. Nos pondremos en contacto con usted tan pronto como recibamos su mensaje.<\/p>\n","protected":false},"excerpt":{"rendered":"<p>En Farmacia Las Am\u00e9ricas queremos que nuestros servicios de farmacia sean m\u00e1s accesibles para quienes los necesitan. Es por eso que aceptamos varios m\u00e9todos de pago y seguros. \u2013 Aceptamos todos los seguros, incluidos Medicaid, Medicare y m\u00e1s No dudes en enviarnos un mensaje y comprobar si aceptamos tu seguro. Nos pondremos en contacto con &hellip; <a href=\"https:\/\/www.farmacialasamericasllc.com\/es\/pharmacy-insurance-accepted\">Continue reading <span class=\"meta-nav\">&rarr;<\/span><\/a><\/p>\n","protected":false},"author":1,"featured_media":82,"parent":0,"menu_order":0,"comment_status":"closed","ping_status":"closed","template":"","meta":[],"yoast_head":"<!-- This site is optimized with the Yoast SEO plugin v15.9 - https:\/\/yoast.com\/wordpress\/plugins\/seo\/ -->\n<title>Seguro Aceptado | Pharmacy in West Palm Beach, Florida<\/title>\n<meta name=\"description\" content=\"En Farmacia Las Am\u00e9ricas queremos que nuestros servicios de farmacia sean m\u00e1s accesibles para quienes los necesitan.\" \/>\n<meta name=\"robots\" content=\"index, follow, max-snippet:-1, max-image-preview:large, max-video-preview:-1\" \/>\n<link rel=\"canonical\" href=\"https:\/\/www.farmacialasamericasllc.com\/pharmacy-insurance-accepted\" \/>\n<meta property=\"og:locale\" content=\"es_ES\" \/>\n<meta property=\"og:type\" content=\"article\" \/>\n<meta property=\"og:title\" content=\"{:en}Insurance Accepted{:}{:es}Seguro Aceptado{:} | Pharmacy in West Palm Beach, Florida\" \/>\n<meta property=\"og:description\" content=\"En Farmacia Las Am\u00e9ricas queremos que nuestros servicios de farmacia sean m\u00e1s accesibles para quienes los necesitan.\" \/>\n<meta property=\"og:url\" content=\"https:\/\/www.farmacialasamericasllc.com\/pharmacy-insurance-accepted\" \/>\n<meta property=\"og:site_name\" content=\"Farmacia Las Americas\" \/>\n<meta property=\"article:modified_time\" content=\"2022-12-02T04:03:49+00:00\" \/>\n<meta property=\"og:image\" content=\"https:\/\/www.farmacialasamericasllc.com\/wp-content\/uploads\/2022\/03\/nonhome-81329711.jpg\" \/>\n\t<meta property=\"og:image:width\" content=\"1920\" \/>\n\t<meta property=\"og:image:height\" content=\"500\" \/>\n<meta name=\"twitter:card\" content=\"summary_large_image\" \/>\n<meta name=\"twitter:label1\" content=\"Est. reading time\">\n\t<meta name=\"twitter:data1\" content=\"1 minute\">\n<script type=\"application\/ld+json\" class=\"yoast-schema-graph\">{\"@context\":\"https:\/\/schema.org\",\"@graph\":[{\"@type\":\"WebSite\",\"@id\":\"https:\/\/www.farmacialasamericasllc.com\/#website\",\"url\":\"https:\/\/www.farmacialasamericasllc.com\/\",\"name\":\"Farmacia Las Americas\",\"description\":\"Just another WordPress site\",\"potentialAction\":[{\"@type\":\"SearchAction\",\"target\":\"https:\/\/www.farmacialasamericasllc.com\/?s={search_term_string}\",\"query-input\":\"required name=search_term_string\"}],\"inLanguage\":\"es-ES\"},{\"@type\":\"ImageObject\",\"@id\":\"https:\/\/www.farmacialasamericasllc.com\/pharmacy-insurance-accepted#primaryimage\",\"inLanguage\":\"es-ES\",\"url\":\"https:\/\/www.farmacialasamericasllc.com\/wp-content\/uploads\/2022\/03\/nonhome-81329711.jpg\",\"width\":1920,\"height\":500,\"caption\":\"two pharmacist smiling\"},{\"@type\":\"WebPage\",\"@id\":\"https:\/\/www.farmacialasamericasllc.com\/pharmacy-insurance-accepted#webpage\",\"url\":\"https:\/\/www.farmacialasamericasllc.com\/pharmacy-insurance-accepted\",\"name\":\"{:en}Insurance Accepted{:}{:es}Seguro Aceptado{:} | Pharmacy in West Palm Beach, Florida\",\"isPartOf\":{\"@id\":\"https:\/\/www.farmacialasamericasllc.com\/#website\"},\"primaryImageOfPage\":{\"@id\":\"https:\/\/www.farmacialasamericasllc.com\/pharmacy-insurance-accepted#primaryimage\"},\"datePublished\":\"2022-03-16T03:04:16+00:00\",\"dateModified\":\"2022-12-02T04:03:49+00:00\",\"description\":\"En Farmacia Las Am\\u00e9ricas queremos que nuestros servicios de farmacia sean m\\u00e1s accesibles para quienes los necesitan.\",\"breadcrumb\":{\"@id\":\"https:\/\/www.farmacialasamericasllc.com\/pharmacy-insurance-accepted#breadcrumb\"},\"inLanguage\":\"es-ES\",\"potentialAction\":[{\"@type\":\"ReadAction\",\"target\":[\"https:\/\/www.farmacialasamericasllc.com\/pharmacy-insurance-accepted\"]}]},{\"@type\":\"BreadcrumbList\",\"@id\":\"https:\/\/www.farmacialasamericasllc.com\/pharmacy-insurance-accepted#breadcrumb\",\"itemListElement\":[{\"@type\":\"ListItem\",\"position\":1,\"item\":{\"@type\":\"WebPage\",\"@id\":\"https:\/\/www.farmacialasamericasllc.com\/\",\"url\":\"https:\/\/www.farmacialasamericasllc.com\/\",\"name\":\"Home\"}},{\"@type\":\"ListItem\",\"position\":2,\"item\":{\"@type\":\"WebPage\",\"@id\":\"https:\/\/www.farmacialasamericasllc.com\/pharmacy-insurance-accepted\",\"url\":\"https:\/\/www.farmacialasamericasllc.com\/pharmacy-insurance-accepted\",\"name\":\"Insurance Accepted\"}}]}]}<\/script>\n<!-- \/ Yoast SEO plugin. -->","_links":{"self":[{"href":"https:\/\/www.farmacialasamericasllc.com\/es\/wp-json\/wp\/v2\/pages\/41"}],"collection":[{"href":"https:\/\/www.farmacialasamericasllc.com\/es\/wp-json\/wp\/v2\/pages"}],"about":[{"href":"https:\/\/www.farmacialasamericasllc.com\/es\/wp-json\/wp\/v2\/types\/page"}],"author":[{"embeddable":true,"href":"https:\/\/www.farmacialasamericasllc.com\/es\/wp-json\/wp\/v2\/users\/1"}],"replies":[{"embeddable":true,"href":"https:\/\/www.farmacialasamericasllc.com\/es\/wp-json\/wp\/v2\/comments?post=41"}],"version-history":[{"count":3,"href":"https:\/\/www.farmacialasamericasllc.com\/es\/wp-json\/wp\/v2\/pages\/41\/revisions"}],"predecessor-version":[{"id":179,"href":"https:\/\/www.farmacialasamericasllc.com\/es\/wp-json\/wp\/v2\/pages\/41\/revisions\/179"}],"wp:featuredmedia":[{"embeddable":true,"href":"https:\/\/www.farmacialasamericasllc.com\/es\/wp-json\/wp\/v2\/media\/82"}],"wp:attachment":[{"href":"https:\/\/www.farmacialasamericasllc.com\/es\/wp-json\/wp\/v2\/media?parent=41"}],"curies":[{"name":"wp","href":"https:\/\/api.w.org\/{rel}","templated":true}]}}