{"id":40,"date":"2022-03-16T03:04:11","date_gmt":"2022-03-16T03:04:11","guid":{"rendered":"http:\/\/localhost\/proweaver-files\/farmacialasez057\/?page_id=40"},"modified":"2024-02-22T06:40:13","modified_gmt":"2024-02-22T06:40:13","slug":"pharmacy-transfer-prescription","status":"publish","type":"page","link":"https:\/\/www.farmacialasamericasllc.com\/es\/pharmacy-transfer-prescription","title":{"rendered":"Prescripci\u00f3n de Transferencia"},"content":{"rendered":"<p>Transfiera f\u00e1cilmente sus recetas a nosotros completando el formulario a continuaci\u00f3n.<\/p>\n<p><iframe id=\"myframe\" class=\"\" src=\"https:\/\/www.farmacialasamericasllc.com\/wp-content\/themes\/farmacialasez057\/forms\/TransferRXForm-es.php\"><\/iframe><\/p>\n","protected":false},"excerpt":{"rendered":"<p>Transfiera f\u00e1cilmente sus recetas a nosotros completando el formulario a continuaci\u00f3n.<\/p>\n","protected":false},"author":1,"featured_media":81,"parent":0,"menu_order":0,"comment_status":"closed","ping_status":"closed","template":"","meta":[],"yoast_head":"<!-- This site is optimized with the Yoast SEO plugin v15.9 - https:\/\/yoast.com\/wordpress\/plugins\/seo\/ -->\n<title>Prescripci\u00f3n de Transferencia | Pharmacy in West Palm Beach, Florida<\/title>\n<meta name=\"description\" content=\"You can trust us in providing quality pharmacy services. Easily transfer your prescriptions to us by filling out the form below.\" \/>\n<meta name=\"robots\" content=\"index, follow, max-snippet:-1, max-image-preview:large, max-video-preview:-1\" \/>\n<link rel=\"canonical\" href=\"https:\/\/www.farmacialasamericasllc.com\/pharmacy-transfer-prescription\" \/>\n<meta property=\"og:locale\" content=\"es_ES\" \/>\n<meta property=\"og:type\" content=\"article\" \/>\n<meta property=\"og:title\" content=\"{:en}Transfer Prescription{:}{:es}Prescripci\u00f3n de Transferencia{:} | Pharmacy in West Palm Beach, Florida\" \/>\n<meta property=\"og:description\" content=\"You can trust us in providing quality pharmacy services. Easily transfer your prescriptions to us by filling out the form below.\" \/>\n<meta property=\"og:url\" content=\"https:\/\/www.farmacialasamericasllc.com\/pharmacy-transfer-prescription\" \/>\n<meta property=\"og:site_name\" content=\"Farmacia Las Americas\" \/>\n<meta property=\"article:modified_time\" content=\"2024-02-22T06:40:13+00:00\" \/>\n<meta property=\"og:image\" content=\"https:\/\/www.farmacialasamericasllc.com\/wp-content\/uploads\/2022\/03\/nonhome-89859772.jpg\" \/>\n\t<meta property=\"og:image:width\" content=\"1920\" \/>\n\t<meta property=\"og:image:height\" content=\"500\" \/>\n<meta name=\"twitter:card\" content=\"summary_large_image\" \/>\n<meta name=\"twitter:label1\" content=\"Est. reading time\">\n\t<meta name=\"twitter:data1\" content=\"1 minute\">\n<script type=\"application\/ld+json\" class=\"yoast-schema-graph\">{\"@context\":\"https:\/\/schema.org\",\"@graph\":[{\"@type\":\"WebSite\",\"@id\":\"https:\/\/www.farmacialasamericasllc.com\/#website\",\"url\":\"https:\/\/www.farmacialasamericasllc.com\/\",\"name\":\"Farmacia Las Americas\",\"description\":\"Just another WordPress site\",\"potentialAction\":[{\"@type\":\"SearchAction\",\"target\":\"https:\/\/www.farmacialasamericasllc.com\/?s={search_term_string}\",\"query-input\":\"required name=search_term_string\"}],\"inLanguage\":\"es-ES\"},{\"@type\":\"ImageObject\",\"@id\":\"https:\/\/www.farmacialasamericasllc.com\/pharmacy-transfer-prescription#primaryimage\",\"inLanguage\":\"es-ES\",\"url\":\"https:\/\/www.farmacialasamericasllc.com\/wp-content\/uploads\/2022\/03\/nonhome-89859772.jpg\",\"width\":1920,\"height\":500,\"caption\":\"doctor smiling\"},{\"@type\":\"WebPage\",\"@id\":\"https:\/\/www.farmacialasamericasllc.com\/pharmacy-transfer-prescription#webpage\",\"url\":\"https:\/\/www.farmacialasamericasllc.com\/pharmacy-transfer-prescription\",\"name\":\"{:en}Transfer Prescription{:}{:es}Prescripci\\u00f3n de Transferencia{:} | Pharmacy in West Palm Beach, Florida\",\"isPartOf\":{\"@id\":\"https:\/\/www.farmacialasamericasllc.com\/#website\"},\"primaryImageOfPage\":{\"@id\":\"https:\/\/www.farmacialasamericasllc.com\/pharmacy-transfer-prescription#primaryimage\"},\"datePublished\":\"2022-03-16T03:04:11+00:00\",\"dateModified\":\"2024-02-22T06:40:13+00:00\",\"description\":\"You can trust us in providing quality pharmacy services. Easily transfer your prescriptions to us by filling out the form below.\",\"breadcrumb\":{\"@id\":\"https:\/\/www.farmacialasamericasllc.com\/pharmacy-transfer-prescription#breadcrumb\"},\"inLanguage\":\"es-ES\",\"potentialAction\":[{\"@type\":\"ReadAction\",\"target\":[\"https:\/\/www.farmacialasamericasllc.com\/pharmacy-transfer-prescription\"]}]},{\"@type\":\"BreadcrumbList\",\"@id\":\"https:\/\/www.farmacialasamericasllc.com\/pharmacy-transfer-prescription#breadcrumb\",\"itemListElement\":[{\"@type\":\"ListItem\",\"position\":1,\"item\":{\"@type\":\"WebPage\",\"@id\":\"https:\/\/www.farmacialasamericasllc.com\/\",\"url\":\"https:\/\/www.farmacialasamericasllc.com\/\",\"name\":\"Home\"}},{\"@type\":\"ListItem\",\"position\":2,\"item\":{\"@type\":\"WebPage\",\"@id\":\"https:\/\/www.farmacialasamericasllc.com\/pharmacy-transfer-prescription\",\"url\":\"https:\/\/www.farmacialasamericasllc.com\/pharmacy-transfer-prescription\",\"name\":\"Transfer Prescription\"}}]}]}<\/script>\n<!-- \/ Yoast SEO plugin. -->","_links":{"self":[{"href":"https:\/\/www.farmacialasamericasllc.com\/es\/wp-json\/wp\/v2\/pages\/40"}],"collection":[{"href":"https:\/\/www.farmacialasamericasllc.com\/es\/wp-json\/wp\/v2\/pages"}],"about":[{"href":"https:\/\/www.farmacialasamericasllc.com\/es\/wp-json\/wp\/v2\/types\/page"}],"author":[{"embeddable":true,"href":"https:\/\/www.farmacialasamericasllc.com\/es\/wp-json\/wp\/v2\/users\/1"}],"replies":[{"embeddable":true,"href":"https:\/\/www.farmacialasamericasllc.com\/es\/wp-json\/wp\/v2\/comments?post=40"}],"version-history":[{"count":3,"href":"https:\/\/www.farmacialasamericasllc.com\/es\/wp-json\/wp\/v2\/pages\/40\/revisions"}],"predecessor-version":[{"id":203,"href":"https:\/\/www.farmacialasamericasllc.com\/es\/wp-json\/wp\/v2\/pages\/40\/revisions\/203"}],"wp:featuredmedia":[{"embeddable":true,"href":"https:\/\/www.farmacialasamericasllc.com\/es\/wp-json\/wp\/v2\/media\/81"}],"wp:attachment":[{"href":"https:\/\/www.farmacialasamericasllc.com\/es\/wp-json\/wp\/v2\/media?parent=40"}],"curies":[{"name":"wp","href":"https:\/\/api.w.org\/{rel}","templated":true}]}}